{"id":231,"date":"2022-10-21T22:59:35","date_gmt":"2022-10-21T22:59:35","guid":{"rendered":"https:\/\/somosmontur.com\/?page_id=231"},"modified":"2023-04-17T19:23:07","modified_gmt":"2023-04-17T19:23:07","slug":"condiciones","status":"publish","type":"page","link":"https:\/\/somosmontur.com\/index.php\/condiciones\/","title":{"rendered":"Condiciones"},"content":{"rendered":"\n<p class=\"has-text-align-center has-large-font-size\" style=\"letter-spacing:12px\">&#8211; <strong>TERMINOS Y CONDICIONES &#8211;<\/strong><\/p>\n\n\n\n<p class=\"has-text-align-center\">Ofrecemos una gama de productos y servicios pensados para brindar el mayor confort durante el viaje, que al momento de realizar alguna reservaci\u00f3n con nosotros est\u00e1 aceptando los t\u00e9rminos y condiciones, recomendamos que tomes un tiempo para leerlos detenidamente.<\/p>\n\n\n\n<div style=\"height:100px\" aria-hidden=\"true\" class=\"wp-block-spacer\"><\/div>\n\n\n\n<div class=\"wp-block-columns is-layout-flex wp-container-core-columns-is-layout-9d6595d7 wp-block-columns-is-layout-flex\">\n<div class=\"wp-block-column is-layout-flow wp-block-column-is-layout-flow\"><div class=\"wp-block-image\">\n<figure class=\"aligncenter size-full is-resized\"><img loading=\"lazy\" decoding=\"async\" src=\"https:\/\/somosmontur.com\/wp-content\/uploads\/2022\/10\/Calendario-1.png\" alt=\"\" class=\"wp-image-260\" width=\"133\" height=\"117\" srcset=\"https:\/\/somosmontur.com\/wp-content\/uploads\/2022\/10\/Calendario-1.png 530w, https:\/\/somosmontur.com\/wp-content\/uploads\/2022\/10\/Calendario-1-300x265.png 300w\" sizes=\"auto, (max-width: 133px) 100vw, 133px\" \/><\/figure>\n<\/div>\n\n\n<p class=\"has-text-align-center has-small-font-size\"><strong>Pasajes A\u00e9reo y Hospedajes<\/strong><\/p>\n\n\n\n<div class=\"wp-block-buttons is-content-justification-center is-layout-flex wp-container-core-buttons-is-layout-16018d1d wp-block-buttons-is-layout-flex\">\n<div class=\"wp-block-button has-custom-font-size is-style-outline has-small-font-size aligncenter is-style-outline--1\"><a class=\"wp-block-button__link wp-element-button\" href=\"https:\/\/drive.google.com\/file\/d\/16lDDYUwT0UpC-yn1xAeV-EA3OFswG5i6\/view\" target=\"_blank\" rel=\"noreferrer noopener\">Leer<\/a><\/div>\n<\/div>\n<\/div>\n\n\n\n<div class=\"wp-block-column is-layout-flow wp-block-column-is-layout-flow\"><div class=\"wp-block-image\">\n<figure class=\"aligncenter size-full is-resized\"><img loading=\"lazy\" decoding=\"async\" src=\"https:\/\/somosmontur.com\/wp-content\/uploads\/2022\/10\/Playa.png\" alt=\"\" class=\"wp-image-259\" width=\"133\" height=\"117\" srcset=\"https:\/\/somosmontur.com\/wp-content\/uploads\/2022\/10\/Playa.png 530w, https:\/\/somosmontur.com\/wp-content\/uploads\/2022\/10\/Playa-300x265.png 300w\" sizes=\"auto, (max-width: 133px) 100vw, 133px\" \/><\/figure>\n<\/div>\n\n\n<p class=\"has-text-align-center has-small-font-size\"><strong>Full Day, excursiones y rutas<\/strong><\/p>\n\n\n\n<div class=\"wp-block-buttons is-content-justification-center is-layout-flex wp-container-core-buttons-is-layout-16018d1d wp-block-buttons-is-layout-flex\">\n<div class=\"wp-block-button has-custom-font-size is-style-outline has-small-font-size aligncenter is-style-outline--2\"><a class=\"wp-block-button__link wp-element-button\" href=\"https:\/\/drive.google.com\/file\/d\/1Nzj7qsLCoAlck1sVVUouBItVlHMn5Xky\/view\" target=\"_blank\" rel=\"noreferrer noopener\">Leer<\/a><\/div>\n<\/div>\n<\/div>\n<\/div>\n\n\n\n<div style=\"height:50px\" aria-hidden=\"true\" class=\"wp-block-spacer\"><\/div>\n\n\n\n<div class=\"wp-block-cover is-light\" style=\"min-height:401px;aspect-ratio:unset;\"><span aria-hidden=\"true\" class=\"wp-block-cover__background has-white-background-color has-background-dim-100 has-background-dim\"><\/span><div class=\"wp-block-cover__inner-container is-layout-flow wp-block-cover-is-layout-flow\">\n<p class=\"has-text-align-center has-medium-font-size\" style=\"letter-spacing:7px\"><strong>RESERVACIONES<\/strong><\/p>\n\n\n\n<ul class=\"wp-block-list\">\n<li>Recuerde consultar la&nbsp;<strong>disponibilidad<\/strong>&nbsp;del viaje v\u00eda&nbsp;<strong>WhatsApp<\/strong>&nbsp;antes de realizar alg\u00fan pago.<\/li>\n\n\n\n<li>Para realizar alguna consulta debe enviar v\u00eda WhatsApp o Correo Electr\u00f3nico los siguientes datos y deber\u00e1 seguir las instrucciones de su asesor de viaje:\n<ul class=\"wp-block-list\">\n<li>Nombre y Apellido.<\/li>\n\n\n\n<li>Indique su consulta. (informaci\u00f3n sobre, paquetes, boletos a\u00e9reos, full day etc.).<\/li>\n\n\n\n<li>Indicar si son adultos, ni\u00f1os o infantes.<\/li>\n\n\n\n<li>Fecha estipulada para el viaje<\/li>\n<\/ul>\n<\/li>\n\n\n\n<li>Al momento de la reservaci\u00f3n, los asientos podr\u00e1n ser elegidos por el usuario tur\u00edstico siempre y cuando el o los elegidos est\u00e9n disponibles.<\/li>\n<\/ul>\n<\/div><\/div>\n\n\n\n<hr class=\"wp-block-separator has-alpha-channel-opacity is-style-dots\"\/>\n\n\n\n<div class=\"wp-block-cover\"><span aria-hidden=\"true\" class=\"wp-block-cover__background has-background-dim\"><\/span><img loading=\"lazy\" decoding=\"async\" width=\"2560\" height=\"1920\" class=\"wp-block-cover__image-background wp-image-152\" alt=\"\" src=\"https:\/\/somosmontur.com\/wp-content\/uploads\/2022\/10\/Amanecer-en-Cuyagua-scaled.jpg\" data-object-fit=\"cover\" srcset=\"https:\/\/somosmontur.com\/wp-content\/uploads\/2022\/10\/Amanecer-en-Cuyagua-scaled.jpg 2560w, https:\/\/somosmontur.com\/wp-content\/uploads\/2022\/10\/Amanecer-en-Cuyagua-300x225.jpg 300w, https:\/\/somosmontur.com\/wp-content\/uploads\/2022\/10\/Amanecer-en-Cuyagua-1024x768.jpg 1024w, https:\/\/somosmontur.com\/wp-content\/uploads\/2022\/10\/Amanecer-en-Cuyagua-768x576.jpg 768w, https:\/\/somosmontur.com\/wp-content\/uploads\/2022\/10\/Amanecer-en-Cuyagua-1536x1152.jpg 1536w, https:\/\/somosmontur.com\/wp-content\/uploads\/2022\/10\/Amanecer-en-Cuyagua-2048x1536.jpg 2048w\" sizes=\"auto, (max-width: 2560px) 100vw, 2560px\" \/><div class=\"wp-block-cover__inner-container is-layout-flow wp-block-cover-is-layout-flow\">\n<p class=\"has-text-align-center has-medium-font-size\" style=\"letter-spacing:7px\"><strong>MODALIDAD DE PAGO<\/strong><\/p>\n\n\n\n<ul class=\"wp-block-list\">\n<li>El cliente  podr\u00e1 cancelar nuestros productos y servicios en Bol\u00edvares (Bs.) mediante Transferencias Bancarias (preferiblemente del mismo banco)&nbsp; o Pago M\u00f3vil, en este caso, la tarifa ser\u00e1 ajustada de acuerdo a la tasa de cambio del d\u00eda.<\/li>\n\n\n\n<li>Si cancelar\u00e1 en Bol\u00edvares (Bs.) debe enviar el comprobante de pago v\u00eda Correo Electr\u00f3nico o WhatsApp donde se visualicen los datos con total claridad.\n<ul class=\"wp-block-list\">\n<li>Referencia bancaria.<\/li>\n\n\n\n<li>Monto transferido.<\/li>\n\n\n\n<li>Entidad bancaria origen.<\/li>\n\n\n\n<li>Nombre del titular de la cuenta origen.<\/li>\n<\/ul>\n<\/li>\n\n\n\n<li>Antes de realizar el pago en moneda local (Bs.) se deber\u00e1 consultar v\u00eda WhatsApp la tasa de cambio del d\u00eda.<\/li>\n\n\n\n<li>El cliente podr\u00e1 cancelar nuestros productos y servicios en divisas, en este caso, se debe consultar v\u00eda WhatsApp los m\u00e9todos de pagos que manejamos.<\/li>\n<\/ul>\n<\/div><\/div>\n\n\n\n<div style=\"height:50px\" aria-hidden=\"true\" class=\"wp-block-spacer\"><\/div>\n\n\n\n<p class=\"has-text-align-center has-x-large-font-size\" style=\"letter-spacing:12px\"><strong>&#8211; VENEZUELA &#8211;<\/strong><\/p>\n\n\n\n<div style=\"height:50px\" aria-hidden=\"true\" class=\"wp-block-spacer\"><\/div>\n","protected":false},"excerpt":{"rendered":"<p>&#8211; TERMINOS Y CONDICIONES &#8211; Ofrecemos una gama de productos y servicios pensados para brindar el mayor confort durante el viaje, que al momento de realizar alguna reservaci\u00f3n con nosotros est\u00e1 aceptando los t\u00e9rminos y condiciones, recomendamos que tomes un tiempo para leerlos detenidamente. Pasajes A\u00e9reo y Hospedajes Full Day, excursiones y rutas &#8211; VENEZUELA [&hellip;]<\/p>\n","protected":false},"author":1,"featured_media":0,"parent":0,"menu_order":0,"comment_status":"closed","ping_status":"closed","template":"","meta":{"footnotes":""},"class_list":["post-231","page","type-page","status-publish","hentry"],"_links":{"self":[{"href":"https:\/\/somosmontur.com\/index.php\/wp-json\/wp\/v2\/pages\/231","targetHints":{"allow":["GET"]}}],"collection":[{"href":"https:\/\/somosmontur.com\/index.php\/wp-json\/wp\/v2\/pages"}],"about":[{"href":"https:\/\/somosmontur.com\/index.php\/wp-json\/wp\/v2\/types\/page"}],"author":[{"embeddable":true,"href":"https:\/\/somosmontur.com\/index.php\/wp-json\/wp\/v2\/users\/1"}],"replies":[{"embeddable":true,"href":"https:\/\/somosmontur.com\/index.php\/wp-json\/wp\/v2\/comments?post=231"}],"version-history":[{"count":7,"href":"https:\/\/somosmontur.com\/index.php\/wp-json\/wp\/v2\/pages\/231\/revisions"}],"predecessor-version":[{"id":335,"href":"https:\/\/somosmontur.com\/index.php\/wp-json\/wp\/v2\/pages\/231\/revisions\/335"}],"wp:attachment":[{"href":"https:\/\/somosmontur.com\/index.php\/wp-json\/wp\/v2\/media?parent=231"}],"curies":[{"name":"wp","href":"https:\/\/api.w.org\/{rel}","templated":true}]}}