{"id":540,"date":"2026-02-12T18:22:34","date_gmt":"2026-02-12T18:22:34","guid":{"rendered":"https:\/\/somosmontur.com\/?page_id=540"},"modified":"2026-02-12T18:35:47","modified_gmt":"2026-02-12T18:35:47","slug":"tours","status":"publish","type":"page","link":"https:\/\/somosmontur.com\/index.php\/tours\/","title":{"rendered":"Tours"},"content":{"rendered":"\n<p class=\"has-text-align-center has-x-large-font-size\" style=\"letter-spacing:12px\">-GRAFFITI TOUR &#8211;<\/p>\n\n\n\n<p class=\"has-text-align-center\">Pionero en la creaci\u00f3n del tours de graffiti en Caracas.<\/p>\n\n\n\n<p class=\"has-text-align-center\">Sum\u00e9rgete en un recorrido vibrante y lleno de colores \u00fanicos en la ciudad, d\u00f3nde podr\u00e1s explorar el arte, la cultura callejera, sus c\u00f3digos, implementos, an\u00e9cdotas e historia del graffiti y muralismo en la Gran Caracas. Este tour se caracteriza por promover el respeto, la autor\u00eda y el trabajo de cada muralista y graffitero. Dise\u00f1ado para que conozcas y aprendas sobre el movimiento art\u00edstico urbano de la Gran Caracas, en esta experiencia se exhibir\u00e1n graffitis y murales que a\u00fan permanecen vivos en la ciudad, revelando su historia y significado.<\/p>\n\n\n\n<div style=\"height:50px\" aria-hidden=\"true\" class=\"wp-block-spacer\"><\/div>\n\n\n\n<div class=\"wp-block-cover\" style=\"min-height:158px;aspect-ratio:unset;\"><span aria-hidden=\"true\" class=\"wp-block-cover__background has-background-dim\" style=\"background-color:#625b52\"><\/span><img loading=\"lazy\" decoding=\"async\" width=\"2560\" height=\"1335\" class=\"wp-block-cover__image-background wp-image-512\" alt=\"\" src=\"https:\/\/somosmontur.com\/wp-content\/uploads\/2026\/02\/space-skyscraper-skyline-paint-tourism-scaled.jpg\" data-object-fit=\"cover\" srcset=\"https:\/\/somosmontur.com\/wp-content\/uploads\/2026\/02\/space-skyscraper-skyline-paint-tourism-scaled.jpg 2560w, https:\/\/somosmontur.com\/wp-content\/uploads\/2026\/02\/space-skyscraper-skyline-paint-tourism-300x156.jpg 300w, https:\/\/somosmontur.com\/wp-content\/uploads\/2026\/02\/space-skyscraper-skyline-paint-tourism-1024x534.jpg 1024w, https:\/\/somosmontur.com\/wp-content\/uploads\/2026\/02\/space-skyscraper-skyline-paint-tourism-768x401.jpg 768w, https:\/\/somosmontur.com\/wp-content\/uploads\/2026\/02\/space-skyscraper-skyline-paint-tourism-1536x801.jpg 1536w, https:\/\/somosmontur.com\/wp-content\/uploads\/2026\/02\/space-skyscraper-skyline-paint-tourism-2048x1068.jpg 2048w\" sizes=\"auto, (max-width: 2560px) 100vw, 2560px\" \/><div class=\"wp-block-cover__inner-container is-layout-constrained wp-block-cover-is-layout-constrained\">\n<p class=\"has-text-align-center has-large-font-size\">\u00bfEst\u00e1s dispuesto a vivir \u00e9sta experiencia?<\/p>\n<\/div><\/div>\n\n\n\n<div style=\"height:50px\" aria-hidden=\"true\" class=\"wp-block-spacer\"><\/div>\n\n\n\n<p class=\"has-text-align-center has-medium-font-size\" style=\"letter-spacing:7px\"><strong>DETALLES DEL TOUR<\/strong><\/p>\n\n\n\n<div class=\"wp-block-columns is-layout-flex wp-container-core-columns-is-layout-9d6595d7 wp-block-columns-is-layout-flex\">\n<div class=\"wp-block-column is-layout-flow wp-block-column-is-layout-flow\">\n<p>Secciones del tour: se encuentra dividido en tres (3) secciones. <\/p>\n\n\n\n<ul class=\"wp-block-list\">\n<li><strong>Te\u00f3rica: <\/strong>Conversaremos un poco de la historia, c\u00f3digos de calle, implementos usados para la elaboraci\u00f3n del arte, an\u00e9cdotas, testimonios, diferencia entre graffiti y muralismo, tipos de letras en graffitis, terminolog\u00edas, etc.<\/li>\n\n\n\n<li><strong>Apreciaci\u00f3n de pintadas: <\/strong>Durante el recorrido estaremos observando arte callejero entre graffitis y murales de diferentes artistas donde cada uno interpreta su propio estilo y enfoque.<\/li>\n\n\n\n<li><strong>Pr\u00e1cticas:<\/strong> Para que tengas a\u00fan m\u00e1s participaci\u00f3n en nuestro tour, por un momento tendr\u00e1s la oportunidad de sentirte un escritor de calle, el cual te permitir\u00e1 vivir una experiencia \u00fanica para explotar t\u00fa imaginaci\u00f3n, as\u00ed que lleva t\u00fa creatividad y ganas de aprender.<\/li>\n\n\n\n<li><strong>Costo y recorrido:<\/strong> Deber\u00e1 ser consultado directamente con su Agente de Viajes.<\/li>\n<\/ul>\n<\/div>\n\n\n\n<div class=\"wp-block-column is-layout-flow wp-block-column-is-layout-flow\">\n<p>Detalles log\u00edsticos:<\/p>\n\n\n\n<ul class=\"wp-block-list\">\n<li>El Tour no tiene m\u00ednimo de participantes.<\/li>\n\n\n\n<li><strong>Incluye: <\/strong>guiatura, fotograf\u00eda grupal, agua mineral de 600ml.<\/li>\n\n\n\n<li><strong>Recomendaciones:<\/strong> Se recomienda llevar ropa deportiva, refrigerio, 1 hoja de papel con espacio en blanco o cuaderno con hojas disponibles, l\u00e1piz y borrador.<\/li>\n\n\n\n<li><strong>\u200eDisponibilidad: <\/strong>El d\u00eda se coordina seg\u00fan la disponibilidad del participante, sin embargo, de haber quorum, se podr\u00e1 organizar un d\u00eda espec\u00edfico para contar con un grupo de m\u00e1ximo 10 participantes.<\/li>\n\n\n\n<li><strong>Duraci\u00f3n: <\/strong>El recorrido ser\u00e1 aproximadamente 3hrs dependiendo del ritmo del grupo.<\/li>\n\n\n\n<li><strong>Guiatura:<\/strong> Contamos con un equipo de gu\u00edas que poseen experiencia en el \u00e1rea.<\/li>\n<\/ul>\n\n\n\n<p><\/p>\n<\/div>\n<\/div>\n\n\n\n<div style=\"height:50px\" aria-hidden=\"true\" class=\"wp-block-spacer\"><\/div>\n\n\n\n<div class=\"wp-block-columns is-layout-flex wp-container-core-columns-is-layout-9d6595d7 wp-block-columns-is-layout-flex\">\n<div class=\"wp-block-column is-layout-flow wp-block-column-is-layout-flow\">\n<figure class=\"wp-block-image size-large\"><img loading=\"lazy\" decoding=\"async\" width=\"1024\" height=\"1024\" src=\"https:\/\/somosmontur.com\/wp-content\/uploads\/2026\/02\/Multimedia-1024x1024.jpg\" alt=\"\" class=\"wp-image-520\" srcset=\"https:\/\/somosmontur.com\/wp-content\/uploads\/2026\/02\/Multimedia-1024x1024.jpg 1024w, https:\/\/somosmontur.com\/wp-content\/uploads\/2026\/02\/Multimedia-300x300.jpg 300w, https:\/\/somosmontur.com\/wp-content\/uploads\/2026\/02\/Multimedia-150x150.jpg 150w, https:\/\/somosmontur.com\/wp-content\/uploads\/2026\/02\/Multimedia-768x768.jpg 768w, https:\/\/somosmontur.com\/wp-content\/uploads\/2026\/02\/Multimedia.jpg 1080w\" sizes=\"auto, (max-width: 1024px) 100vw, 1024px\" \/><\/figure>\n<\/div>\n\n\n\n<div class=\"wp-block-column is-layout-flow wp-block-column-is-layout-flow\">\n<p>Viajeros fuera de la ciudad capital:<\/p>\n\n\n\n<ul class=\"wp-block-list\">\n<li>Boleter\u00eda a\u00e9rea.<\/li>\n\n\n\n<li>Traslados aeropuerto &#8211; hotel  &#8211; aeropuerto.<\/li>\n\n\n\n<li>Traslados internos en la Gran Caracas.<\/li>\n\n\n\n<li> Alojamientos.<\/li>\n<\/ul>\n\n\n\n<p>Consultar disponibilidad  y costos con su agente de viaje (<a href=\"https:\/\/linktr.ee\/somosmontur\">presiona aqu\u00ed<\/a>)<\/p>\n<\/div>\n<\/div>\n","protected":false},"excerpt":{"rendered":"<p>-GRAFFITI TOUR &#8211; Pionero en la creaci\u00f3n del tours de graffiti en Caracas. Sum\u00e9rgete en un recorrido vibrante y lleno de colores \u00fanicos en la ciudad, d\u00f3nde podr\u00e1s explorar el arte, la cultura callejera, sus c\u00f3digos, implementos, an\u00e9cdotas e historia del graffiti y muralismo en la Gran Caracas. Este tour se caracteriza por promover el [&hellip;]<\/p>\n","protected":false},"author":1,"featured_media":0,"parent":0,"menu_order":0,"comment_status":"closed","ping_status":"closed","template":"","meta":{"footnotes":""},"class_list":["post-540","page","type-page","status-publish","hentry"],"_links":{"self":[{"href":"https:\/\/somosmontur.com\/index.php\/wp-json\/wp\/v2\/pages\/540","targetHints":{"allow":["GET"]}}],"collection":[{"href":"https:\/\/somosmontur.com\/index.php\/wp-json\/wp\/v2\/pages"}],"about":[{"href":"https:\/\/somosmontur.com\/index.php\/wp-json\/wp\/v2\/types\/page"}],"author":[{"embeddable":true,"href":"https:\/\/somosmontur.com\/index.php\/wp-json\/wp\/v2\/users\/1"}],"replies":[{"embeddable":true,"href":"https:\/\/somosmontur.com\/index.php\/wp-json\/wp\/v2\/comments?post=540"}],"version-history":[{"count":2,"href":"https:\/\/somosmontur.com\/index.php\/wp-json\/wp\/v2\/pages\/540\/revisions"}],"predecessor-version":[{"id":547,"href":"https:\/\/somosmontur.com\/index.php\/wp-json\/wp\/v2\/pages\/540\/revisions\/547"}],"wp:attachment":[{"href":"https:\/\/somosmontur.com\/index.php\/wp-json\/wp\/v2\/media?parent=540"}],"curies":[{"name":"wp","href":"https:\/\/api.w.org\/{rel}","templated":true}]}}