{"id":92,"date":"2022-10-18T22:45:45","date_gmt":"2022-10-18T22:45:45","guid":{"rendered":"https:\/\/somosmontur.com\/?page_id=92"},"modified":"2026-02-12T16:27:40","modified_gmt":"2026-02-12T16:27:40","slug":"nosotros","status":"publish","type":"page","link":"https:\/\/somosmontur.com\/index.php\/nosotros\/","title":{"rendered":"Nosotros"},"content":{"rendered":"\n<p class=\"has-text-align-center has-x-large-font-size\" style=\"letter-spacing:12px\">&#8211; SOMOS MONTUR &#8211;<\/p>\n\n\n\n<p class=\"has-text-align-center\">\u00a0Montero &amp; Turismo &#8211; MONTUR\u00a0<strong>|<\/strong>\u00a0Rif: J-40695977-4\u00a0<\/p>\n\n\n\n<p class=\"has-text-align-center\">&nbsp;Somos una empresa de TURISMO dispuesta a brindarte la mejor experiencia, seguridad y apoyo en cada una de nuestras actividades tur\u00edsticas, contando siempre con gu\u00edas, operadores y promotores con conocimientos del lugar a visitar.<\/p>\n\n\n\n<hr class=\"wp-block-separator has-alpha-channel-opacity is-style-dots\"\/>\n\n\n\n<div style=\"height:100px\" aria-hidden=\"true\" class=\"wp-block-spacer\"><\/div>\n\n\n\n<div class=\"wp-block-columns is-layout-flex wp-container-core-columns-is-layout-9d6595d7 wp-block-columns-is-layout-flex\">\n<div class=\"wp-block-column is-layout-flow wp-block-column-is-layout-flow\">\n<p class=\"has-text-align-center has-medium-font-size\" style=\"letter-spacing:7px\"><strong>MISI\u00d3N<\/strong><\/p>\n\n\n\n<p class=\"has-text-align-center\">Impulsar el turismo y cultural en Venezuela con sensibilizaci\u00f3n ecol\u00f3gica para proteger, preservar y beneficiar el ambiente junto a las comunidades aleda\u00f1as; con el fin, de crear sentido de pertenencia y dar a conocer las riquezas naturales, culturales y artisticas que ostenta nuestro majestuoso pa\u00eds.\u00a0<\/p>\n\n\n\n<div style=\"height:25px\" aria-hidden=\"true\" class=\"wp-block-spacer\"><\/div>\n\n\n\n<p class=\"has-text-align-center has-medium-font-size\" style=\"letter-spacing:7px\"><strong>VISI\u00d3N<\/strong><\/p>\n\n\n\n<p class=\"has-text-align-center\">&nbsp; &nbsp; &nbsp;Ser la empresa de turismo con preferencia en Venezuela ofreciendo los mejores productos y servicios tur\u00edsticos del pa\u00eds, utilizando como pilares fundamentales la aventura, la sensibilizaci\u00f3n ecol\u00f3gica y la cultura; logrando as\u00ed las mejores experiencias que satisfagan las necesidades de nuestros turistas o visitantes.<\/p>\n<\/div>\n\n\n\n<div class=\"wp-block-column is-layout-flow wp-block-column-is-layout-flow\"><div class=\"wp-block-image\">\n<figure class=\"aligncenter size-large\"><img loading=\"lazy\" decoding=\"async\" width=\"911\" height=\"1024\" src=\"https:\/\/somosmontur.com\/wp-content\/uploads\/2022\/10\/Monumento-Natural-Aristides-Roja-Morros-de-San-Juan-3-911x1024.jpg\" alt=\"\" class=\"wp-image-110\" srcset=\"https:\/\/somosmontur.com\/wp-content\/uploads\/2022\/10\/Monumento-Natural-Aristides-Roja-Morros-de-San-Juan-3-911x1024.jpg 911w, https:\/\/somosmontur.com\/wp-content\/uploads\/2022\/10\/Monumento-Natural-Aristides-Roja-Morros-de-San-Juan-3-267x300.jpg 267w, https:\/\/somosmontur.com\/wp-content\/uploads\/2022\/10\/Monumento-Natural-Aristides-Roja-Morros-de-San-Juan-3-768x863.jpg 768w, https:\/\/somosmontur.com\/wp-content\/uploads\/2022\/10\/Monumento-Natural-Aristides-Roja-Morros-de-San-Juan-3-1367x1536.jpg 1367w, https:\/\/somosmontur.com\/wp-content\/uploads\/2022\/10\/Monumento-Natural-Aristides-Roja-Morros-de-San-Juan-3-1823x2048.jpg 1823w\" sizes=\"auto, (max-width: 911px) 100vw, 911px\" \/><\/figure>\n<\/div><\/div>\n<\/div>\n\n\n\n<div style=\"height:100px\" aria-hidden=\"true\" class=\"wp-block-spacer\"><\/div>\n\n\n\n<div class=\"wp-block-cover is-light\" style=\"min-height:499px;aspect-ratio:unset;\"><span aria-hidden=\"true\" class=\"wp-block-cover__background has-background-dim\"><\/span><img loading=\"lazy\" decoding=\"async\" width=\"2560\" height=\"1920\" class=\"wp-block-cover__image-background wp-image-104\" alt=\"\" src=\"https:\/\/somosmontur.com\/wp-content\/uploads\/2022\/10\/Paisaje-Waraira-Sector-Cachimbo-scaled.jpg\" data-object-fit=\"cover\" srcset=\"https:\/\/somosmontur.com\/wp-content\/uploads\/2022\/10\/Paisaje-Waraira-Sector-Cachimbo-scaled.jpg 2560w, https:\/\/somosmontur.com\/wp-content\/uploads\/2022\/10\/Paisaje-Waraira-Sector-Cachimbo-300x225.jpg 300w, https:\/\/somosmontur.com\/wp-content\/uploads\/2022\/10\/Paisaje-Waraira-Sector-Cachimbo-1024x768.jpg 1024w, https:\/\/somosmontur.com\/wp-content\/uploads\/2022\/10\/Paisaje-Waraira-Sector-Cachimbo-768x576.jpg 768w, https:\/\/somosmontur.com\/wp-content\/uploads\/2022\/10\/Paisaje-Waraira-Sector-Cachimbo-1536x1152.jpg 1536w, https:\/\/somosmontur.com\/wp-content\/uploads\/2022\/10\/Paisaje-Waraira-Sector-Cachimbo-2048x1536.jpg 2048w\" sizes=\"auto, (max-width: 2560px) 100vw, 2560px\" \/><div class=\"wp-block-cover__inner-container is-layout-flow wp-block-cover-is-layout-flow\">\n<p class=\"has-text-align-center has-white-color has-text-color\" style=\"letter-spacing:7px\"><strong>VALORES<\/strong><\/p>\n\n\n\n<ul class=\"wp-block-list has-white-color has-text-color\">\n<li><strong>Vocaci\u00f3n de Servicio:<\/strong>\u00a0Es la motivaci\u00f3n para conocer y satisfacer las necesidades que poseen nuestros turistas o visitantes.<\/li>\n\n\n\n<li><strong>Seguridad en la Aventura:<\/strong>\u00a0Salvaguardamos y garantizamos el bien estar de nuestros turistas o visitantes para preservar el esp\u00edritu aventurero que llevamos dentro.<\/li>\n\n\n\n<li><strong>Pasi\u00f3n Tur\u00edstica:\u00a0<\/strong>Disfrutamos lo que hacemos y llevamos nuestras ideas m\u00e1s all\u00e1 de los l\u00edmites.<\/li>\n\n\n\n<li><strong>Compromiso con nuestro Turista o Visitante:<\/strong>\u00a0Nos esforzamos cada d\u00eda para cumplir cabalmente con las obligaciones adquiridas.<\/li>\n\n\n\n<li><strong>Calidad de Productos y Servicios:<\/strong>\u00a0Todos nuestros productos y servicios est\u00e1n elaborados para lograr el mayor confort y alcanzar las mejores experiencias dentro de las actividades.<\/li>\n\n\n\n<li><strong>Perseverancia:<\/strong>\u00a0Trabajamos cada d\u00eda para conseguir todas la metas y objetivos que nos hemos trazado.<\/li>\n\n\n\n<li><strong>Trabajo en Equipo:<\/strong>\u00a0De la uni\u00f3n y el compromiso depende nuestro \u00e9xito.<\/li>\n\n\n\n<li><strong>Honestidad y Lealtad:<\/strong>\u00a0Principios que gu\u00edan nuestra conducta y nos caracteriza como empresa prestadora de servicios tur\u00edsticos en Venezuela.<\/li>\n<\/ul>\n<\/div><\/div>\n\n\n\n<div style=\"height:100px\" aria-hidden=\"true\" class=\"wp-block-spacer\"><\/div>\n\n\n\n<p class=\"has-text-align-center has-medium-font-size\" style=\"letter-spacing:7px\"><strong>OBJETIVO GENERAL<\/strong><\/p>\n\n\n\n<p class=\"has-text-align-center\">Promocionar y destacar a Venezuela como potencia en turismo, ofreciendo a nuestros viajeros variedad de productos y servicios tur\u00edsticos sustentables y sostenibles a trav\u00e9s de una particularidad aventurera, ecol\u00f3gica, cultural e informativa.&nbsp;<\/p>\n\n\n\n<div style=\"height:100px\" aria-hidden=\"true\" class=\"wp-block-spacer\"><\/div>\n\n\n\n<div class=\"wp-block-cover aligncenter is-light\" style=\"min-height:282px;aspect-ratio:unset;\"><span aria-hidden=\"true\" class=\"wp-block-cover__background has-background-dim\"><\/span><img loading=\"lazy\" decoding=\"async\" width=\"1024\" height=\"762\" class=\"wp-block-cover__image-background wp-image-134\" alt=\"\" src=\"https:\/\/somosmontur.com\/wp-content\/uploads\/2022\/10\/DSCN9846-EDITADA-1024x762.jpg\" style=\"object-position:42% 42%\" data-object-fit=\"cover\" data-object-position=\"42% 42%\" srcset=\"https:\/\/somosmontur.com\/wp-content\/uploads\/2022\/10\/DSCN9846-EDITADA-1024x762.jpg 1024w, https:\/\/somosmontur.com\/wp-content\/uploads\/2022\/10\/DSCN9846-EDITADA-300x223.jpg 300w, https:\/\/somosmontur.com\/wp-content\/uploads\/2022\/10\/DSCN9846-EDITADA-768x571.jpg 768w, https:\/\/somosmontur.com\/wp-content\/uploads\/2022\/10\/DSCN9846-EDITADA-1536x1143.jpg 1536w, https:\/\/somosmontur.com\/wp-content\/uploads\/2022\/10\/DSCN9846-EDITADA-2048x1523.jpg 2048w\" sizes=\"auto, (max-width: 1024px) 100vw, 1024px\" \/><div class=\"wp-block-cover__inner-container is-layout-flow wp-block-cover-is-layout-flow\">\n<p class=\"has-text-align-center has-white-color has-text-color has-x-large-font-size\">TUS SUE\u00d1OS SON NUESTROS RETOS<\/p>\n<\/div><\/div>\n\n\n\n<div style=\"height:100px\" aria-hidden=\"true\" class=\"wp-block-spacer\"><\/div>\n\n\n\n<p class=\"has-text-align-center\" style=\"letter-spacing:7px\"><strong>OBJETIVOS ESPECIFICOS<\/strong><\/p>\n\n\n\n<div class=\"wp-block-columns is-layout-flex wp-container-core-columns-is-layout-9d6595d7 wp-block-columns-is-layout-flex\">\n<div class=\"wp-block-column is-layout-flow wp-block-column-is-layout-flow\">\n<ul class=\"wp-block-list\">\n<li>Promocionar a Venezuela como potencia tur\u00edstica a nivel nacional e Internacional.<\/li>\n<\/ul>\n\n\n\n<ul class=\"wp-block-list\">\n<li>Promover el turismo como estrategia principal para incentivar la aventura y exploraci\u00f3n del territorio venezolano.<\/li>\n<\/ul>\n\n\n\n<ul class=\"wp-block-list\">\n<li>Ofrecer diversidades de productos y servicios tur\u00edsticos de calidad que satisfagan las necesidades aventureras y culturales de nuestros turistas o visitantes.<\/li>\n<\/ul>\n<\/div>\n\n\n\n<div class=\"wp-block-column is-layout-flow wp-block-column-is-layout-flow\">\n<ul class=\"wp-block-list\">\n<li>Brindar apoyo asistencial y seguridad a nuestros turistas o visitantes en cada uno de nuestros viajes.<\/li>\n<\/ul>\n\n\n\n<ul class=\"wp-block-list\">\n<li>Sensibilizar al viajero realizando actividades tur\u00edsticas que privilegien la cultural, comunidades y el ambiente.<\/li>\n<\/ul>\n\n\n\n<ul class=\"wp-block-list\">\n<li>Proteger y preservar el perfecto estado del entorno donde se realizan las actividades, tratando de generar el menor impacto posible garantizando su prolongaci\u00f3n en tiempo y espacio.<\/li>\n<\/ul>\n<\/div>\n<\/div>\n\n\n\n<div style=\"height:100px\" aria-hidden=\"true\" class=\"wp-block-spacer\"><\/div>\n","protected":false},"excerpt":{"rendered":"<p>&#8211; SOMOS MONTUR &#8211; \u00a0Montero &amp; Turismo &#8211; MONTUR\u00a0|\u00a0Rif: J-40695977-4\u00a0 &nbsp;Somos una empresa de TURISMO dispuesta a brindarte la mejor experiencia, seguridad y apoyo en cada una de nuestras actividades tur\u00edsticas, contando siempre con gu\u00edas, operadores y promotores con conocimientos del lugar a visitar. MISI\u00d3N Impulsar el turismo y cultural en Venezuela con sensibilizaci\u00f3n ecol\u00f3gica [&hellip;]<\/p>\n","protected":false},"author":1,"featured_media":0,"parent":0,"menu_order":0,"comment_status":"closed","ping_status":"closed","template":"","meta":{"footnotes":""},"class_list":["post-92","page","type-page","status-publish","hentry"],"_links":{"self":[{"href":"https:\/\/somosmontur.com\/index.php\/wp-json\/wp\/v2\/pages\/92","targetHints":{"allow":["GET"]}}],"collection":[{"href":"https:\/\/somosmontur.com\/index.php\/wp-json\/wp\/v2\/pages"}],"about":[{"href":"https:\/\/somosmontur.com\/index.php\/wp-json\/wp\/v2\/types\/page"}],"author":[{"embeddable":true,"href":"https:\/\/somosmontur.com\/index.php\/wp-json\/wp\/v2\/users\/1"}],"replies":[{"embeddable":true,"href":"https:\/\/somosmontur.com\/index.php\/wp-json\/wp\/v2\/comments?post=92"}],"version-history":[{"count":19,"href":"https:\/\/somosmontur.com\/index.php\/wp-json\/wp\/v2\/pages\/92\/revisions"}],"predecessor-version":[{"id":508,"href":"https:\/\/somosmontur.com\/index.php\/wp-json\/wp\/v2\/pages\/92\/revisions\/508"}],"wp:attachment":[{"href":"https:\/\/somosmontur.com\/index.php\/wp-json\/wp\/v2\/media?parent=92"}],"curies":[{"name":"wp","href":"https:\/\/api.w.org\/{rel}","templated":true}]}}